{"id":2,"date":"2014-10-20T04:06:21","date_gmt":"2014-10-20T04:06:21","guid":{"rendered":"http:\/\/www.barrospereira.com.br\/?page_id=2"},"modified":"2016-02-25T03:17:21","modified_gmt":"2016-02-25T03:17:21","slug":"pagina-exemplo","status":"publish","type":"page","link":"http:\/\/www.barrospereira.com.br\/","title":{"rendered":"O Escrit\u00f3rio"},"content":{"rendered":"<p>[custom-facebook-feed]<\/p>\n<p style=\"text-align: justify;\">Com mais de 10 anos de exist\u00eancia, o <strong><em>BARROS PEREIRA ADVOGADOS ASSOCIADOS<\/em><\/strong> estabeleceu seus valores pautado no compromisso com o profissionalismos e a excel\u00eancia, dedicando-se \u00e0 pratica integral do Direito, tanto na esfera consultiva quanto contenciosa.<\/p>\n<p style=\"text-align: justify;\">Trata-se de uma sociedade de advogados que disp\u00f5e de todos os recursos para o tratamento das quest\u00f5es jur\u00eddicas, independentemente de sua complexidade e \u00e1rea.<\/p>\n<p style=\"text-align: justify;\">Sua atua\u00e7\u00e3o compreende a presta\u00e7\u00e3o de servi\u00e7os legais para diversos tipos de clientes, pessoas f\u00edsicas e jur\u00eddicas. Os profissionais da equipe s\u00e3o familiarizados com a terminologia, conceitos e legisla\u00e7\u00f5es especificas das \u00e1reas de atua\u00e7\u00e3o.<\/p>\n<p style=\"text-align: justify;\">Temos a miss\u00e3o de orientar e fornecer aos nossos clientes, um acompanhamento detalhado dos procedimentos legais, permitindo-lhes ter maior conhecimento sobre suas a\u00e7\u00f5es e o trabalho executado por nossa equipe.<\/p>\n<p style=\"text-align: justify;\">O escrit\u00f3rio \u00e9 composto por advogados e consultores com experi\u00eancia profissional em diversas \u00e1reas do Direito, que trabalham de forma integrada para que o cliente possa sempre se sentir confiante e seguro.<\/p>\n<p style=\"text-align: justify;\">Al\u00e9m disso, com o intuito de atender todas as necessidades de nossos clientes, n\u00e3o importando a regi\u00e3o demogr\u00e1fica, contamos com moderna estrutura tecnol\u00f3gica, al\u00e9m do apoio de advogados e correspondentes para a realiza\u00e7\u00e3o de dilig\u00eancias.<\/p>\n<p>PRINCIPAIS CLIENTES<\/p>\n<p>TB Servi\u00e7os, Transporte, Limpeza, Gerenciamento e Recursos Humanos Ltda.<\/p>\n<p>&nbsp;<\/p>\n<p>Apetece Sistemas de Alimenta\u00e7\u00e3o Ltda.<\/p>\n<p>&nbsp;<\/p>\n<p>LBV- Legi\u00e3o da Boa Vontade<\/p>\n<p>&nbsp;<\/p>\n<p>Toyland Comercial, Distribuidora Tec. e Apl. de Constru\u00e7\u00e3o Civel Ltda.<\/p>\n<p>&nbsp;<\/p>\n<p>Proinox Brasil Ltda. (Meridional)<\/p>\n<p>&nbsp;<\/p>\n<p>Capital Servi\u00e7os de Vigil\u00e2ncia e Seguran\u00e7a Ltda.<\/p>\n<p>&nbsp;<\/p>\n<p>&nbsp;<\/p>\n<p>&nbsp;<\/p>\n<p>Rua Cerro Cor\u00e1, 1208, Cj. 12- Alto da Lapa &#8211; S\u00e3o Paulo-Tel.38733565\/38733563-E-mail:<a href=\"mailto:atendimento@barrospereira.com.br\">atendimento@barrospereira.com.br<\/a><\/p>\n","protected":false},"excerpt":{"rendered":"<p>[custom-facebook-feed] Com mais de 10 anos de exist\u00eancia, o BARROS PEREIRA ADVOGADOS ASSOCIADOS estabeleceu seus valores pautado no compromisso com o profissionalismos e a excel\u00eancia, dedicando-se \u00e0 pratica integral do Direito, tanto na esfera consultiva quanto contenciosa. Trata-se de uma sociedade de advogados que disp\u00f5e de todos os recursos para o tratamento das quest\u00f5es jur\u00eddicas, &hellip; <a href=\"http:\/\/www.barrospereira.com.br\/\" class=\"more-link\">Continue lendo <span class=\"screen-reader-text\">O Escrit\u00f3rio<\/span> <span class=\"meta-nav\">&rarr;<\/span><\/a><\/p>\n","protected":false},"author":2,"featured_media":0,"parent":0,"menu_order":0,"comment_status":"closed","ping_status":"closed","template":"","meta":{"footnotes":""},"class_list":["post-2","page","type-page","status-publish","hentry"],"_links":{"self":[{"href":"http:\/\/www.barrospereira.com.br\/index.php?rest_route=\/wp\/v2\/pages\/2","targetHints":{"allow":["GET"]}}],"collection":[{"href":"http:\/\/www.barrospereira.com.br\/index.php?rest_route=\/wp\/v2\/pages"}],"about":[{"href":"http:\/\/www.barrospereira.com.br\/index.php?rest_route=\/wp\/v2\/types\/page"}],"author":[{"embeddable":true,"href":"http:\/\/www.barrospereira.com.br\/index.php?rest_route=\/wp\/v2\/users\/2"}],"replies":[{"embeddable":true,"href":"http:\/\/www.barrospereira.com.br\/index.php?rest_route=%2Fwp%2Fv2%2Fcomments&post=2"}],"version-history":[{"count":11,"href":"http:\/\/www.barrospereira.com.br\/index.php?rest_route=\/wp\/v2\/pages\/2\/revisions"}],"predecessor-version":[{"id":73,"href":"http:\/\/www.barrospereira.com.br\/index.php?rest_route=\/wp\/v2\/pages\/2\/revisions\/73"}],"wp:attachment":[{"href":"http:\/\/www.barrospereira.com.br\/index.php?rest_route=%2Fwp%2Fv2%2Fmedia&parent=2"}],"curies":[{"name":"wp","href":"https:\/\/api.w.org\/{rel}","templated":true}]}}